{"id":3789,"date":"2021-04-16T08:20:15","date_gmt":"2021-04-16T08:20:15","guid":{"rendered":"https:\/\/segurosconseguridad.es\/?page_id=3789"},"modified":"2021-04-16T08:20:17","modified_gmt":"2021-04-16T08:20:17","slug":"politica-de-privacidad","status":"publish","type":"page","link":"https:\/\/segurosconseguridad.es\/index.php\/politica-de-privacidad\/","title":{"rendered":"Politica de Privacidad"},"content":{"rendered":"<div class=\"flex_column av_one_full  flex_column_div av-zero-column-padding first  avia-builder-el-0  avia-builder-el-no-sibling  \" style='border-radius:0px; '><section class=\"av_textblock_section \"  itemscope=\"itemscope\" itemtype=\"https:\/\/schema.org\/CreativeWork\" ><div class='avia_textblock  '   itemprop=\"text\" ><p><b>RESPONSABLE<\/b><\/p>\n<p><b><br \/>\n<\/b>1. Identidad<br \/>\nBRAVO Y COMPA\u00d1IA ASESORES T\u00c9CNICOS, CORREDURIA DE SEGUROS S.A con CIF: A13103098 y direcci\u00f3n para notificaciones en C\/ PINTOR MENDOZA N\u00ba 71, 13300 VALDEPE\u00d1AS, CIUDAD REAL Tel\u00e9fono: 926348093, E-Mail: gestion@bravoycia.es<\/p>\n<p>Datos de contacto del delegado en protecci\u00f3n de datos:<br \/>\nNo se dispone de Delegado.<\/p>\n<p><b>FINALIDADES<\/b><\/p>\n<p>2. Trataremos sus datos para la gesti\u00f3n de los clientes como para la Gesti\u00f3n Administrativa, Contable y Fiscal de sus facturas.<\/p>\n<p><b>CONSERVACI\u00d3N<\/b><\/p>\n<p><b><br \/>\n<\/b>3. Plazos o criterios de conservaci\u00f3n de los datos:<\/p>\n<p>Los datos personales proporcionados se conservar\u00e1n mientras se mantenga la relaci\u00f3n con la entidad y no se solicite su supresi\u00f3n por el interesado, ser\u00e1n conservados conforme a los plazos legales establecidos en materia fiscal y contable, tomando como referencia la \u00faltima comunicaci\u00f3n.<\/p>\n<p><b>DECISIONES<\/b><\/p>\n<p><b><\/b>4. Decisiones automatizadas, perfiles y l\u00f3gica aplicada:<br \/>\nLa empresa NO tomar\u00e1 decisiones automatizadas, perfiles \u00f3 l\u00f3gica aplicada a sus datos.<\/p>\n<p><b>LEGITIMACI\u00d3N<\/b><\/p>\n<p><b><\/b>5. Legitimaci\u00f3n por ejecuci\u00f3n de un contrato:<br \/>\nDebido a que el tratamiento es necesario para la ejecuci\u00f3n de un contrato mercantil, en el que usted es parte , se hace constar que el tipo de contrato de que se trata, es el citado contrato mercantil o la relaci\u00f3n precontractual.<br \/>\nComo la comunicaci\u00f3n de datos personales es un requisito legal o contractual y un requisito necesario para suscribir el citado contrato, se informa al interesado que est\u00e1 obligado a facilitar los datos personales, y as\u00ed mismo que\u00a0 las consecuencias de no hacerlo pueden suponer la no prestaci\u00f3n del servicio solicitado.<\/p>\n<p><b>DESTINATARIOS<\/b><\/p>\n<p><b><\/b>6. Durante el periodo de duraci\u00f3n del tratamiento, BRAVO Y COMPA\u00d1IA ASESORES T\u00c9CNICOS, CORREDURIA DE SEGUROS S.A no realizar\u00e1 ninguna cesi\u00f3n, salvo obligaci\u00f3n legal, ni tampoco transferencia alguna.<\/p>\n<p><b>DERECHOS<\/b><\/p>\n<p>7. El interesado puede ejercer los siguientes derechos:<\/p>\n<ul>\n<li>\u00a0 \u00a0Derecho a solicitar el acceso a sus datos personales.<\/li>\n<li>\u00a0 \u00a0Derecho a solicitar su rectificaci\u00f3n o supresi\u00f3n.<\/li>\n<li>\u00a0 \u00a0Derecho a solicitar la limitaci\u00f3n de su tratamiento.<\/li>\n<li>\u00a0 \u00a0Derecho a oponerse al tratamiento.<\/li>\n<li>\u00a0 \u00a0Derecho a la portabilidad de los datos.<\/li>\n<li>\u00a0 \u00a0Derecho a retirar el consentimiento prestado.<\/li>\n<\/ul>\n<p>Cualquier persona tiene derecho a obtener confirmaci\u00f3n sobre si en la Entidad estamos tratando datos personales que les conciernan, o no. Las personas interesadas tienen derecho a acceder a sus datos personales, as\u00ed como a solicitar la rectificaci\u00f3n de los datos inexactos o, en su caso, solicitar su supresi\u00f3n cuando, entre otros motivos, los datos ya no sean necesarios para los fines que fueron recogidos.<br \/>\nEn determinadas circunstancias, los interesados podr\u00e1n solicitar la limitaci\u00f3n del tratamiento de sus datos, en cuyo caso \u00fanicamente los conservaremos para el ejercicio o la defensa de reclamaciones. En determinadas circunstancias y por motivos relacionados con su situaci\u00f3n particular, los interesados podr\u00e1n oponerse al tratamiento de sus datos. En este caso, la entidad,\u00a0 dejar\u00e1 de tratar los datos, salvo por motivos leg\u00edtimos imperiosos, o el ejercicio o la defensa de posibles reclamaciones.<br \/>\nSi ha otorgado su consentimiento para alguna finalidad concreta, tiene derecho a retirar el consentimiento otorgado en cualquier momento, sin que ello afecte a la licitud del tratamiento basado en el consentimiento previo a su retirada.<br \/>\nPara ello podr\u00e1 emplear los formularios habilitados por la empresa, o bien dirigir un escrito a BRAVO Y COMPA\u00d1IA ASESORES T\u00c9CNICOS, CORREDURIA DE SEGUROS S.A en la siguiente direcci\u00f3n para notificaciones C\/ PINTOR MENDOZA N\u00ba 71, 13300 VALDEPE\u00d1AS, CIUDAD REAL tambi\u00e9n puede enviar un email a: gestion@bravoycia.es<\/p>\n<p>En caso de que sienta vulnerados sus derechos en lo concerniente a la protecci\u00f3n de sus datos personales, especialmente cuando no haya obtenido satisfacci\u00f3n en el ejercicio de sus derechos, puede presentar una reclamaci\u00f3n ante la Autoridad de Control en materia de Protecci\u00f3n de Datos competente a trav\u00e9s de su sitio web: www.agpd.es.<\/p>\n<p>En cumplimiento de lo prevenido en el art\u00edculo 21 de la Ley 34\/2002 de servicios de la sociedad de la informaci\u00f3n y comercio electr\u00f3nico, si usted no desea recibir m\u00e1s informaci\u00f3n sobre nuestros servicios, puede darse de baja en la siguiente direcci\u00f3n de correo electr\u00f3nico de la entidad, indicando en el asunto \u00abNo enviar correos\u00bb.<\/p>\n<p><b>PROCEDENCIA DE LOS DATOS<\/b><\/p>\n<p><b><br \/>\n<\/b>Los datos personales que tratamos en BRAVO Y COMPA\u00d1IA ASESORES T\u00c9CNICOS, CORREDURIA DE SEGUROS S.A proceden directamente de usted:<\/p>\n<p>El propio interesado o su representante legal<\/p>\n<p>Las categor\u00edas de datos que se tratan son:<\/p>\n<ul>\n<li>\u00a0Car\u00e1cter Identificativo<\/li>\n<li>\u00a0Caracter\u00edsticas Personales<\/li>\n<li>\u00a0Circunstancias Sociales<\/li>\n<li>\u00a0Acad\u00e9micos y Profesionales<\/li>\n<li>\u00a0Detalles de Empleo<\/li>\n<li>Informaci\u00f3n Comercial<\/li>\n<li>Econ\u00f3mico-Financieros<\/li>\n<li>Si se tratan datos especialmente protegidos<\/li>\n<\/ul>\n<\/div><\/section><\/div>\n","protected":false},"excerpt":{"rendered":"","protected":false},"author":1,"featured_media":0,"parent":0,"menu_order":0,"comment_status":"closed","ping_status":"closed","template":"","meta":[],"_links":{"self":[{"href":"https:\/\/segurosconseguridad.es\/index.php\/wp-json\/wp\/v2\/pages\/3789"}],"collection":[{"href":"https:\/\/segurosconseguridad.es\/index.php\/wp-json\/wp\/v2\/pages"}],"about":[{"href":"https:\/\/segurosconseguridad.es\/index.php\/wp-json\/wp\/v2\/types\/page"}],"author":[{"embeddable":true,"href":"https:\/\/segurosconseguridad.es\/index.php\/wp-json\/wp\/v2\/users\/1"}],"replies":[{"embeddable":true,"href":"https:\/\/segurosconseguridad.es\/index.php\/wp-json\/wp\/v2\/comments?post=3789"}],"version-history":[{"count":1,"href":"https:\/\/segurosconseguridad.es\/index.php\/wp-json\/wp\/v2\/pages\/3789\/revisions"}],"predecessor-version":[{"id":3790,"href":"https:\/\/segurosconseguridad.es\/index.php\/wp-json\/wp\/v2\/pages\/3789\/revisions\/3790"}],"wp:attachment":[{"href":"https:\/\/segurosconseguridad.es\/index.php\/wp-json\/wp\/v2\/media?parent=3789"}],"curies":[{"name":"wp","href":"https:\/\/api.w.org\/{rel}","templated":true}]}}