{"id":1395,"date":"2017-02-13T15:06:04","date_gmt":"2017-02-13T15:06:04","guid":{"rendered":"http:\/\/test.kriesi.at\/enfold-2017\/?page_id=1395"},"modified":"2021-04-30T08:52:04","modified_gmt":"2021-04-30T08:52:04","slug":"fullscreen-slider","status":"publish","type":"page","link":"https:\/\/segurosconseguridad.es\/","title":{"rendered":"Fullscreen Slider"},"content":{"rendered":"<\/div><\/div><\/div><!-- close content main div --><\/div><\/div><div id='fullscreen_slider_1'  class='avia-fullscreen-slider main_color    container_wrap sidebar_right' style=' '  ><a href='#next-section' title='' class='scroll-down-link av-control-minimal' aria-hidden='true' data-av_icon='\ue877' data-av_iconfont='entypo-fontello'><\/a><div   data-size='large'  data-lightbox_size='large'  data-animation='fade'  data-conditional_play=''  data-ids='3432'  data-video_counter='0'  data-autoplay='false'  data-bg_slider='true'  data-slide_height='100'  data-handle='av_fullscreen'  data-interval='5'  data-class=' '  data-el_id=''  data-css_id='fullscreen_slider_1'  data-scroll_down='aviaTBscroll_down'  data-control_layout='av-control-minimal'  data-custom_markup=''  data-perma_caption='aviaTBperma_caption'  data-autoplay_stopper=''  data-image_attachment='fixed'  data-min_height='0px'  data-lazy_loading='disabled'  data-stretch=''  class='avia-slideshow avia-slideshow-1 av-slider-scroll-down-active av-control-minimal av-default-height-applied avia-slideshow-large av_fullscreen   avia-fade-slider '  itemprop=\"image\" itemscope=\"itemscope\" itemtype=\"https:\/\/schema.org\/ImageObject\" ><ul class='avia-slideshow-inner ' style='padding-bottom: 66.31067961165%;' ><li style='background-position:center center;' data-img-url='https:\/\/segurosconseguridad.es\/wp-content\/uploads\/2021\/02\/preillumination-seth-YdwyWzpYMl8-unsplash-1030x683.jpg' class=' av-single-slide slide-1 ' ><div data-rel='slideshow-1' class='avia-slide-wrap '   ><div class='av-section-color-overlay' style='opacity: 0.7; background-color: #000000; '><\/div><\/div><\/li><\/ul><div class = \"caption_fullwidth av-slideshow-caption caption_center\"><div class = \"container caption_container\"><div class = \"slideshow_caption\"><div class = \"slideshow_inner_caption\"><div class = \"slideshow_align_caption\"><h2  style='font-size:55px; ' class='avia-caption-title  '  itemprop=\"name\" >SEGUROS CON SEGURIDAD<\/h2><div class='avia-caption-content  '  itemprop=\"description\"  ><p>\u00bfQuieres tener bajo control la seguridad de tu empresa?<\/p>\n<p>Si quieres que la seguridad de tu empresa no sea un freno en tu d\u00eda a d\u00eda, p\u00eddenos un estudio gratuito y tu empresa estar\u00e1 asegurada ante cualquier imprevisto.<\/p>\n<\/div><a href='https:\/\/segurosconseguridad.es\/index.php\/pages\/contacto\/'  class='avia-slideshow-button avia-button avia-color-light ' data-duration='800' data-easing='easeInOutQuad'>Solicitar presupuesto<\/a><\/div><\/div><\/div><\/div><\/div><\/div><\/div>\n<div  style='padding-bottom:0px; color:#b02b2c;' class='av-special-heading av-special-heading-h1 custom-color-heading blockquote modern-quote modern-centered  '><h1 class='av-special-heading-tag '  itemprop=\"headline\"  >\u00bfConoces esa sensaci\u00f3n de tenerlo todo bajo control?<\/h1><div class='special-heading-border'><div class='special-heading-inner-border' style='border-color:#b02b2c'><\/div><\/div><\/div>\n<div id='av_section_1'  class='avia-section main_color avia-section-no-padding avia-no-border-styling  avia-bg-style-scroll  avia-builder-el-0  el_before_av_section  avia-builder-el-first   container_wrap sidebar_right' style=' '  ><div class='container' ><main  role=\"main\" itemprop=\"mainContentOfPage\"  class='template-page content  av-content-small alpha units'><div class='post-entry post-entry-type-page post-entry-1395'><div class='entry-content-wrapper clearfix'>\n<div class=\"flex_column av_one_fourth  flex_column_div av-zero-column-padding first  \" style='border-radius:0px; '><\/div><div class=\"flex_column av_one_half  flex_column_div av-zero-column-padding   \" style='border-radius:0px; '><section class=\"av_textblock_section \"  itemscope=\"itemscope\" itemtype=\"https:\/\/schema.org\/CreativeWork\" ><div class='avia_textblock  av_inherit_color '   itemprop=\"text\" ><h3 style=\"text-align: center;\"><\/h3>\n<p style=\"text-align: justify;\">Cuando tienes la certeza de que la producci\u00f3n est\u00e1 en marcha, la carga est\u00e1 en ruta y los clientes est\u00e1n atendidos\u2026<br \/>\nEs entonces cuando tu coraz\u00f3n late de otra forma; las pulsaciones bajan y tu estado de \u00e1nimo es m\u00e1s relajado.<br \/>\nYa no hay estr\u00e9s. Porque tienes la seguridad de que nada puede salir mal.<\/p>\n<p style=\"text-align: justify;\">Es como pillar todos los sem\u00e1foros en verde cuando vuelves a casa despu\u00e9s de un duro d\u00eda de trabajo.<\/p>\n<\/div><\/section><\/div><div class=\"flex_column av_one_fourth  flex_column_div av-zero-column-padding   \" style='border-radius:0px; '><\/div>\n","protected":false},"excerpt":{"rendered":"","protected":false},"author":1,"featured_media":0,"parent":606,"menu_order":0,"comment_status":"closed","ping_status":"closed","template":"","meta":[],"_links":{"self":[{"href":"https:\/\/segurosconseguridad.es\/index.php\/wp-json\/wp\/v2\/pages\/1395"}],"collection":[{"href":"https:\/\/segurosconseguridad.es\/index.php\/wp-json\/wp\/v2\/pages"}],"about":[{"href":"https:\/\/segurosconseguridad.es\/index.php\/wp-json\/wp\/v2\/types\/page"}],"author":[{"embeddable":true,"href":"https:\/\/segurosconseguridad.es\/index.php\/wp-json\/wp\/v2\/users\/1"}],"replies":[{"embeddable":true,"href":"https:\/\/segurosconseguridad.es\/index.php\/wp-json\/wp\/v2\/comments?post=1395"}],"version-history":[{"count":22,"href":"https:\/\/segurosconseguridad.es\/index.php\/wp-json\/wp\/v2\/pages\/1395\/revisions"}],"predecessor-version":[{"id":3565,"href":"https:\/\/segurosconseguridad.es\/index.php\/wp-json\/wp\/v2\/pages\/1395\/revisions\/3565"}],"up":[{"embeddable":true,"href":"https:\/\/segurosconseguridad.es\/index.php\/wp-json\/wp\/v2\/pages\/606"}],"wp:attachment":[{"href":"https:\/\/segurosconseguridad.es\/index.php\/wp-json\/wp\/v2\/media?parent=1395"}],"curies":[{"name":"wp","href":"https:\/\/api.w.org\/{rel}","templated":true}]}}